{"id":2577,"date":"2022-03-26T13:59:35","date_gmt":"2022-03-26T13:59:35","guid":{"rendered":"https:\/\/www.oberstark.cz\/?post_type=product&#038;p=2577"},"modified":"2022-04-05T11:57:30","modified_gmt":"2022-04-05T11:57:30","slug":"energo-retez-50x30mm-1000mm","status":"publish","type":"product","link":"https:\/\/www.oberstark.cz\/?product=energo-retez-50x30mm-1000mm","title":{"rendered":"Energo\u0159et\u011bz 50x30mm-1m"},"content":{"rendered":"","protected":false},"excerpt":{"rendered":"<p>V\u010detn\u011b koncovek<\/p>\n","protected":false},"featured_media":2578,"template":"","meta":[],"product_cat":[],"product_tag":[],"class_list":{"0":"post-2577","1":"product","2":"type-product","3":"status-publish","4":"has-post-thumbnail","7":"first","8":"instock","9":"shipping-taxable","10":"purchasable","11":"product-type-simple"},"_links":{"self":[{"href":"https:\/\/www.oberstark.cz\/index.php?rest_route=\/wp\/v2\/product\/2577","targetHints":{"allow":["GET"]}}],"collection":[{"href":"https:\/\/www.oberstark.cz\/index.php?rest_route=\/wp\/v2\/product"}],"about":[{"href":"https:\/\/www.oberstark.cz\/index.php?rest_route=\/wp\/v2\/types\/product"}],"wp:featuredmedia":[{"embeddable":true,"href":"https:\/\/www.oberstark.cz\/index.php?rest_route=\/wp\/v2\/media\/2578"}],"wp:attachment":[{"href":"https:\/\/www.oberstark.cz\/index.php?rest_route=%2Fwp%2Fv2%2Fmedia&parent=2577"}],"wp:term":[{"taxonomy":"product_cat","embeddable":true,"href":"https:\/\/www.oberstark.cz\/index.php?rest_route=%2Fwp%2Fv2%2Fproduct_cat&post=2577"},{"taxonomy":"product_tag","embeddable":true,"href":"https:\/\/www.oberstark.cz\/index.php?rest_route=%2Fwp%2Fv2%2Fproduct_tag&post=2577"}],"curies":[{"name":"wp","href":"https:\/\/api.w.org\/{rel}","templated":true}]}}