{"id":2575,"date":"2022-03-26T13:58:36","date_gmt":"2022-03-26T13:58:36","guid":{"rendered":"https:\/\/www.oberstark.cz\/?post_type=product&#038;p=2575"},"modified":"2024-06-15T10:58:08","modified_gmt":"2024-06-15T10:58:08","slug":"kolejnice-mgn9r-3000mm","status":"publish","type":"product","link":"https:\/\/www.oberstark.cz\/?product=kolejnice-mgn9r-3000mm","title":{"rendered":"Kolejnice MGN9R"},"content":{"rendered":"<p><img loading=\"lazy\" decoding=\"async\" class=\"alignnone size-medium wp-image-2643\" src=\"http:\/\/www.oberstark.cz\/wp-content\/uploads\/2022\/03\/lin_9_1-1000x545.jpg\" alt=\"\" width=\"1000\" height=\"545\" srcset=\"https:\/\/www.oberstark.cz\/wp-content\/uploads\/2022\/03\/lin_9_1-1000x545.jpg 1000w, https:\/\/www.oberstark.cz\/wp-content\/uploads\/2022\/03\/lin_9_1-1024x559.jpg 1024w, https:\/\/www.oberstark.cz\/wp-content\/uploads\/2022\/03\/lin_9_1-768x419.jpg 768w, https:\/\/www.oberstark.cz\/wp-content\/uploads\/2022\/03\/lin_9_1-600x327.jpg 600w, https:\/\/www.oberstark.cz\/wp-content\/uploads\/2022\/03\/lin_9_1.jpg 1518w\" sizes=\"auto, (max-width: 1000px) 100vw, 1000px\" \/><\/p>\n","protected":false},"excerpt":{"rendered":"<p>Maxim\u00e1ln\u00ed dostupn\u00e1 d\u00e9lka 1500mm.<\/p>\n<p>Pozice d\u011br na \u0159ezan\u00fdch kusech bez garance.<\/p>\n","protected":false},"featured_media":2649,"template":"","meta":[],"product_cat":[],"product_tag":[],"class_list":{"0":"post-2575","1":"product","2":"type-product","3":"status-publish","4":"has-post-thumbnail","7":"first","8":"instock","9":"shipping-taxable","10":"purchasable","11":"product-type-simple"},"_links":{"self":[{"href":"https:\/\/www.oberstark.cz\/index.php?rest_route=\/wp\/v2\/product\/2575","targetHints":{"allow":["GET"]}}],"collection":[{"href":"https:\/\/www.oberstark.cz\/index.php?rest_route=\/wp\/v2\/product"}],"about":[{"href":"https:\/\/www.oberstark.cz\/index.php?rest_route=\/wp\/v2\/types\/product"}],"wp:featuredmedia":[{"embeddable":true,"href":"https:\/\/www.oberstark.cz\/index.php?rest_route=\/wp\/v2\/media\/2649"}],"wp:attachment":[{"href":"https:\/\/www.oberstark.cz\/index.php?rest_route=%2Fwp%2Fv2%2Fmedia&parent=2575"}],"wp:term":[{"taxonomy":"product_cat","embeddable":true,"href":"https:\/\/www.oberstark.cz\/index.php?rest_route=%2Fwp%2Fv2%2Fproduct_cat&post=2575"},{"taxonomy":"product_tag","embeddable":true,"href":"https:\/\/www.oberstark.cz\/index.php?rest_route=%2Fwp%2Fv2%2Fproduct_tag&post=2575"}],"curies":[{"name":"wp","href":"https:\/\/api.w.org\/{rel}","templated":true}]}}