{"id":2574,"date":"2022-03-26T13:57:57","date_gmt":"2022-03-26T13:57:57","guid":{"rendered":"https:\/\/www.oberstark.cz\/?post_type=product&#038;p=2574"},"modified":"2024-06-15T10:57:32","modified_gmt":"2024-06-15T10:57:32","slug":"kolejnice-mgn7r-3000mm","status":"publish","type":"product","link":"https:\/\/www.oberstark.cz\/?product=kolejnice-mgn7r-3000mm","title":{"rendered":"Kolejnice MGN7R"},"content":{"rendered":"<p><img loading=\"lazy\" decoding=\"async\" class=\"alignnone size-medium wp-image-2621\" src=\"http:\/\/www.oberstark.cz\/wp-content\/uploads\/2022\/03\/lin_7-1000x633.jpg\" alt=\"\" width=\"1000\" height=\"633\" srcset=\"https:\/\/www.oberstark.cz\/wp-content\/uploads\/2022\/03\/lin_7-1000x633.jpg 1000w, https:\/\/www.oberstark.cz\/wp-content\/uploads\/2022\/03\/lin_7-1024x648.jpg 1024w, https:\/\/www.oberstark.cz\/wp-content\/uploads\/2022\/03\/lin_7-768x486.jpg 768w, https:\/\/www.oberstark.cz\/wp-content\/uploads\/2022\/03\/lin_7-600x380.jpg 600w, https:\/\/www.oberstark.cz\/wp-content\/uploads\/2022\/03\/lin_7.jpg 1375w\" sizes=\"auto, (max-width: 1000px) 100vw, 1000px\" \/><\/p>\n","protected":false},"excerpt":{"rendered":"<p>Maxim\u00e1ln\u00ed dostupn\u00e1 d\u00e9lka 1500mm.<\/p>\n<p>Pozice d\u011br na \u0159ezan\u00fdch kusech bez garance.<\/p>\n","protected":false},"featured_media":2651,"template":"","meta":[],"product_cat":[],"product_tag":[],"class_list":{"0":"post-2574","1":"product","2":"type-product","3":"status-publish","4":"has-post-thumbnail","7":"first","8":"instock","9":"shipping-taxable","10":"purchasable","11":"product-type-simple"},"_links":{"self":[{"href":"https:\/\/www.oberstark.cz\/index.php?rest_route=\/wp\/v2\/product\/2574","targetHints":{"allow":["GET"]}}],"collection":[{"href":"https:\/\/www.oberstark.cz\/index.php?rest_route=\/wp\/v2\/product"}],"about":[{"href":"https:\/\/www.oberstark.cz\/index.php?rest_route=\/wp\/v2\/types\/product"}],"wp:featuredmedia":[{"embeddable":true,"href":"https:\/\/www.oberstark.cz\/index.php?rest_route=\/wp\/v2\/media\/2651"}],"wp:attachment":[{"href":"https:\/\/www.oberstark.cz\/index.php?rest_route=%2Fwp%2Fv2%2Fmedia&parent=2574"}],"wp:term":[{"taxonomy":"product_cat","embeddable":true,"href":"https:\/\/www.oberstark.cz\/index.php?rest_route=%2Fwp%2Fv2%2Fproduct_cat&post=2574"},{"taxonomy":"product_tag","embeddable":true,"href":"https:\/\/www.oberstark.cz\/index.php?rest_route=%2Fwp%2Fv2%2Fproduct_tag&post=2574"}],"curies":[{"name":"wp","href":"https:\/\/api.w.org\/{rel}","templated":true}]}}