{"id":2568,"date":"2022-03-26T13:11:03","date_gmt":"2022-03-26T13:11:03","guid":{"rendered":"https:\/\/www.oberstark.cz\/?post_type=product&#038;p=2568"},"modified":"2022-03-26T14:39:41","modified_gmt":"2022-03-26T14:39:41","slug":"frekvencni-menic-22-kw","status":"publish","type":"product","link":"https:\/\/www.oberstark.cz\/?product=frekvencni-menic-22-kw","title":{"rendered":"Frekven\u010dn\u00ed m\u011bni\u010d &#8211; 2,2 kW"},"content":{"rendered":"","protected":false},"excerpt":{"rendered":"<p>Skladem<\/p>\n","protected":false},"featured_media":2569,"template":"","meta":[],"product_cat":[],"product_tag":[],"class_list":{"0":"post-2568","1":"product","2":"type-product","3":"status-publish","4":"has-post-thumbnail","7":"first","8":"instock","9":"shipping-taxable","10":"purchasable","11":"product-type-simple"},"_links":{"self":[{"href":"https:\/\/www.oberstark.cz\/index.php?rest_route=\/wp\/v2\/product\/2568","targetHints":{"allow":["GET"]}}],"collection":[{"href":"https:\/\/www.oberstark.cz\/index.php?rest_route=\/wp\/v2\/product"}],"about":[{"href":"https:\/\/www.oberstark.cz\/index.php?rest_route=\/wp\/v2\/types\/product"}],"wp:featuredmedia":[{"embeddable":true,"href":"https:\/\/www.oberstark.cz\/index.php?rest_route=\/wp\/v2\/media\/2569"}],"wp:attachment":[{"href":"https:\/\/www.oberstark.cz\/index.php?rest_route=%2Fwp%2Fv2%2Fmedia&parent=2568"}],"wp:term":[{"taxonomy":"product_cat","embeddable":true,"href":"https:\/\/www.oberstark.cz\/index.php?rest_route=%2Fwp%2Fv2%2Fproduct_cat&post=2568"},{"taxonomy":"product_tag","embeddable":true,"href":"https:\/\/www.oberstark.cz\/index.php?rest_route=%2Fwp%2Fv2%2Fproduct_tag&post=2568"}],"curies":[{"name":"wp","href":"https:\/\/api.w.org\/{rel}","templated":true}]}}