{"id":2545,"date":"2022-03-26T12:21:02","date_gmt":"2022-03-26T12:21:02","guid":{"rendered":"https:\/\/www.oberstark.cz\/?post_type=product&#038;p=2545"},"modified":"2024-06-15T10:52:39","modified_gmt":"2024-06-15T10:52:39","slug":"stavebnicovy-profil-16x40","status":"publish","type":"product","link":"https:\/\/www.oberstark.cz\/?product=stavebnicovy-profil-16x40","title":{"rendered":"Profil 16&#215;40"},"content":{"rendered":"<p style=\"text-align: left;\"><strong>Materi\u00e1l:<\/strong> 6063-T5<\/p>\n<p style=\"text-align: left;\"><strong>Hmotnost:<\/strong> 1.35kg\/m<\/p>\n<p><img loading=\"lazy\" decoding=\"async\" class=\"size-full wp-image-2618 alignleft\" src=\"http:\/\/www.oberstark.cz\/wp-content\/uploads\/2022\/03\/1640_det.jpg\" alt=\"\" width=\"442\" height=\"570\" \/><\/p>\n","protected":false},"excerpt":{"rendered":"<p>Maxim\u00e1ln\u00ed dostupn\u00e1 d\u00e9lka 3000mm.<\/p>\n","protected":false},"featured_media":2556,"template":"","meta":[],"product_cat":[],"product_tag":[],"class_list":{"0":"post-2545","1":"product","2":"type-product","3":"status-publish","4":"has-post-thumbnail","7":"first","8":"instock","9":"shipping-taxable","10":"purchasable","11":"product-type-simple"},"_links":{"self":[{"href":"https:\/\/www.oberstark.cz\/index.php?rest_route=\/wp\/v2\/product\/2545","targetHints":{"allow":["GET"]}}],"collection":[{"href":"https:\/\/www.oberstark.cz\/index.php?rest_route=\/wp\/v2\/product"}],"about":[{"href":"https:\/\/www.oberstark.cz\/index.php?rest_route=\/wp\/v2\/types\/product"}],"wp:featuredmedia":[{"embeddable":true,"href":"https:\/\/www.oberstark.cz\/index.php?rest_route=\/wp\/v2\/media\/2556"}],"wp:attachment":[{"href":"https:\/\/www.oberstark.cz\/index.php?rest_route=%2Fwp%2Fv2%2Fmedia&parent=2545"}],"wp:term":[{"taxonomy":"product_cat","embeddable":true,"href":"https:\/\/www.oberstark.cz\/index.php?rest_route=%2Fwp%2Fv2%2Fproduct_cat&post=2545"},{"taxonomy":"product_tag","embeddable":true,"href":"https:\/\/www.oberstark.cz\/index.php?rest_route=%2Fwp%2Fv2%2Fproduct_tag&post=2545"}],"curies":[{"name":"wp","href":"https:\/\/api.w.org\/{rel}","templated":true}]}}