{"id":2540,"date":"2022-03-26T11:39:10","date_gmt":"2022-03-26T11:39:10","guid":{"rendered":"https:\/\/www.oberstark.cz\/?post_type=product&#038;p=2540"},"modified":"2024-06-15T10:49:38","modified_gmt":"2024-06-15T10:49:38","slug":"stavebnicovy-profil-40x40","status":"publish","type":"product","link":"https:\/\/www.oberstark.cz\/?product=stavebnicovy-profil-40x40","title":{"rendered":"Profil 40&#215;40"},"content":{"rendered":"<p><strong>Materi\u00e1l:<\/strong>\u00a06063-T5<\/p>\n<p><strong>Hmotnost:<\/strong>\u00a00.55kg\/m<\/p>\n<p><img loading=\"lazy\" decoding=\"async\" class=\"alignnone size-full wp-image-2636\" src=\"http:\/\/www.oberstark.cz\/wp-content\/uploads\/2022\/03\/4040_det.jpg\" alt=\"\" width=\"414\" height=\"459\" srcset=\"https:\/\/www.oberstark.cz\/wp-content\/uploads\/2022\/03\/4040_det.jpg 414w, https:\/\/www.oberstark.cz\/wp-content\/uploads\/2022\/03\/4040_det-240x265.jpg 240w\" sizes=\"auto, (max-width: 414px) 100vw, 414px\" \/><\/p>\n","protected":false},"excerpt":{"rendered":"<p>Maxim\u00e1ln\u00ed dostupn\u00e1 d\u00e9lka 3000mm.<\/p>\n","protected":false},"featured_media":2558,"template":"","meta":[],"product_cat":[],"product_tag":[],"class_list":{"0":"post-2540","1":"product","2":"type-product","3":"status-publish","4":"has-post-thumbnail","7":"first","8":"instock","9":"shipping-taxable","10":"purchasable","11":"product-type-simple"},"_links":{"self":[{"href":"https:\/\/www.oberstark.cz\/index.php?rest_route=\/wp\/v2\/product\/2540","targetHints":{"allow":["GET"]}}],"collection":[{"href":"https:\/\/www.oberstark.cz\/index.php?rest_route=\/wp\/v2\/product"}],"about":[{"href":"https:\/\/www.oberstark.cz\/index.php?rest_route=\/wp\/v2\/types\/product"}],"wp:featuredmedia":[{"embeddable":true,"href":"https:\/\/www.oberstark.cz\/index.php?rest_route=\/wp\/v2\/media\/2558"}],"wp:attachment":[{"href":"https:\/\/www.oberstark.cz\/index.php?rest_route=%2Fwp%2Fv2%2Fmedia&parent=2540"}],"wp:term":[{"taxonomy":"product_cat","embeddable":true,"href":"https:\/\/www.oberstark.cz\/index.php?rest_route=%2Fwp%2Fv2%2Fproduct_cat&post=2540"},{"taxonomy":"product_tag","embeddable":true,"href":"https:\/\/www.oberstark.cz\/index.php?rest_route=%2Fwp%2Fv2%2Fproduct_tag&post=2540"}],"curies":[{"name":"wp","href":"https:\/\/api.w.org\/{rel}","templated":true}]}}