{"id":2598,"date":"2022-03-26T15:47:12","date_gmt":"2022-03-26T15:47:12","guid":{"rendered":"https:\/\/www.oberstark.cz\/?page_id=2598"},"modified":"2022-04-04T14:45:23","modified_gmt":"2022-04-04T14:45:23","slug":"obchodni-podminky","status":"publish","type":"page","link":"https:\/\/www.oberstark.cz\/?page_id=2598","title":{"rendered":"Obchodn\u00ed podm\u00ednky"},"content":{"rendered":"\r\n<h4 class=\"wp-block-heading\">IDENTIFIKA\u010cN\u00cd \u00daDAJE PROVOZOVATELE PRODEJN\u00cdHO M\u00cdSTA<\/h4>\r\n<p>Spole\u010dnost: Oberstark, spol. s r.o. I\u010c: 7<span class=\"nowrap\">14213494<\/span> nepl\u00e1tce DPH<\/p>\r\n<p>Adresa: Rybn\u00e1 716\/24, Star\u00e9 M\u011bsto, 110 00 Praha 1<\/p>\r\n<p>Adresa provozovny: \u00dasteck\u00e1 223, 403 39 Chlumec \u00dast\u00ed nad Labem, \u010cesk\u00e1 republika (provozovna slou\u017e\u00ed v\u00fdhradn\u011b jen jako v\u00fddejn\u00ed m\u00edsto pro mo\u017enost osobn\u00edho vyzvednut\u00ed v\u00fdrobku po p\u0159edchoz\u00ed domluv\u011b)<\/p>\r\n<h4>KONTAKTN\u00cd \u00daDAJE<\/h4>\r\n<p>Email: info@oberstark.cz Tel.: +420 732 977 976<\/p>\r\n<h4>POPIS NAB\u00cdZEN\u00c9 ZBO\u017d\u00cd<\/h4>\r\n<p>Eshop prod\u00e1v\u00e1 komponenty pro pr\u016fmyslovou automatizaci.<\/p>\r\n<h4>CENA ZBO\u017d\u00cd<\/h4>\r\n<p>U prod\u00e1van\u00e9ho zbo\u017e\u00ed je uv\u00e1d\u011bna cena pro z\u00e1kazn\u00edka kone\u010dn\u00e1.<\/p>\r\n<h3>OBCHODN\u00cd PODM\u00cdNKY<\/h3>\r\n<p><strong>I. \u00davodn\u00ed ustanoven\u00ed<\/strong> <strong>1.<\/strong> Obchodn\u00ed podm\u00ednky se vztahuj\u00ed na n\u00e1kup dekorac\u00ed a ostatn\u00edch produkt\u016f v internetov\u00e9m obchod\u011b\u00a0 (www.oberstark.cz). Provozovatelem internetov\u00e9ho obchodu je Oberstark, spol. s r.o. (I\u010c: 7<span class=\"nowrap\">14213494<\/span>). <strong>2.<\/strong>\u00a0Podm\u00ednky bl\u00ed\u017ee vymezuj\u00ed a up\u0159es\u0148uj\u00ed pr\u00e1va a povinnosti prod\u00e1vaj\u00edc\u00edho (provozovatel) a kupuj\u00edc\u00edho (z\u00e1kazn\u00edk). <strong>II. Objedn\u00e1vka<\/strong> <strong>1.<\/strong> Ve\u0161ker\u00e9 objedn\u00e1vky podan\u00e9 prost\u0159ednictv\u00edm internetov\u00e9ho obchodu www.blook.cz jsou z\u00e1vazn\u00e9. <strong>2.<\/strong>\u00a0Objedn\u00e1n\u00edm produkt\u016f vyjad\u0159uje z\u00e1kazn\u00edk souhlas s t\u011bmito obchodn\u00edmi podm\u00ednkami. <strong>3.<\/strong>\u00a0Objedn\u00e1n\u00edm produkt\u016f sou\u010dasn\u011b z\u00e1kazn\u00edk vyjad\u0159uje souhlas se shroma\u017e\u010fov\u00e1n\u00edm pot\u0159ebn\u00fdch osobn\u00edch \u00fadaj\u016f. <strong>4.<\/strong>\u00a0M\u00edstem dod\u00e1n\u00ed zbo\u017e\u00ed je doru\u010dovac\u00ed adresa uveden\u00e1 kupuj\u00edc\u00edm v objedn\u00e1vkov\u00e9m formul\u00e1\u0159i. <strong>5.<\/strong>\u00a0Vlastnick\u00e9 pr\u00e1vo ke zbo\u017e\u00ed (licenci) p\u0159ech\u00e1z\u00ed na kupuj\u00edc\u00edho, po zaplacen\u00ed kupn\u00ed ceny a jeho \u0159\u00e1dn\u00fdm p\u0159evzet\u00edm. <em><strong>III. Podm\u00ednky dod\u00e1n\u00ed<\/strong><\/em> <strong>1.<\/strong> Term\u00edn dod\u00e1n\u00ed je z\u00e1visl\u00fd na aktu\u00e1ln\u00edm stavu skaldov\u00fdch z\u00e1sob a mno\u017estv\u00ed individu\u00e1ln\u00edch p\u0159\u00edprav. <em><strong>IV. Odstoupen\u00ed od kupn\u00ed smlouvy (vr\u00e1cen\u00ed zbo\u017e\u00ed)<\/strong><\/em> <strong>1.<\/strong>\u00a0Na produkty nab\u00edzen\u00e9 v internetov\u00e9m obchod\u011b se nevztahuje ustanoven\u00ed odstavce 6 novely ob\u010dansk\u00e9ho z\u00e1kon\u00edku \u010d.367\/2000 o mo\u017enosti odstoupen\u00ed od smlouvy do 14-ti dn\u016f od p\u0159evzet\u00ed zbo\u017e\u00ed. <strong>2.<\/strong>\u00a0Vzhledem k povaze v\u00fdrobk\u016f, kter\u00e9 jsou vyr\u00e1b\u011bny na m\u00edru, nelze produkty vr\u00e1tit. V\u00fdjimkou je po\u0161kozen\u00ed produkt\u016f prodejcem. <strong>3<\/strong>. Po\u0161kozen\u00e9 balen\u00ed produktu je t\u0159eba reklamovat u p\u0159epravce a dolo\u017eit p\u0159i reklamaci potvrzen\u00fd protokol p\u0159epravce. <em><strong>V. Pr\u00e1va a povinnosti prod\u00e1vaj\u00edc\u00edho<\/strong><\/em> <strong>1.<\/strong>\u00a0Ve\u0161ker\u00e9 osobn\u00ed \u00fadaje poskytnut\u00e9 p\u0159i registraci jsou d\u016fv\u011brn\u00e9 a podle toho je s nimi nakl\u00e1d\u00e1no. <strong>2.<\/strong>\u00a0Prod\u00e1vaj\u00edc\u00ed m\u00e1 povinnost vy\u0159\u00eddit objedn\u00e1vku a odeslat objednan\u00e9 zbo\u017e\u00ed na adresu kupuj\u00edc\u00edho. <strong>3.<\/strong>\u00a0Prod\u00e1vaj\u00edc\u00ed m\u00e1 pr\u00e1vo zru\u0161it objedn\u00e1vku, je-li dod\u00e1vka objednan\u00e9ho zbo\u017e\u00ed nemo\u017en\u00e1. V p\u0159\u00edpad\u011b, \u017ee kupuj\u00edc\u00ed zaplatil objednan\u00e9 zbo\u017e\u00ed p\u0159edem (bankovn\u00edm p\u0159evodem, PayPal apod.) vr\u00e1t\u00ed prod\u00e1vaj\u00edc\u00ed kupuj\u00edc\u00edmu celou \u010d\u00e1stku nejpozd\u011bji do 7 dn\u016f od zji\u0161t\u011bn\u00ed uveden\u00e9 skute\u010dnosti. <em><strong>VI. Pr\u00e1va a povinnosti kupuj\u00edc\u00edho<\/strong><\/em> <strong>1.<\/strong>\u00a0Kupuj\u00edc\u00ed je povinen uv\u00e9st na objedn\u00e1vce spr\u00e1vn\u00e9 a pravdiv\u00e9 \u00fadaje. <strong>2.<\/strong>\u00a0Kupuj\u00edc\u00ed je povinen odebrat objednan\u00e9 zbo\u017e\u00ed a zaplatit cenu uvedenou na objedn\u00e1vce. S celkovou cenou objedn\u00e1vky je kupuj\u00edc\u00ed sezn\u00e1men je\u0161t\u011b p\u0159ed jej\u00edm potvrzen\u00edm. <strong>3.<\/strong>\u00a0Kupuj\u00edc\u00ed m\u00e1 pr\u00e1vo na vymaz\u00e1n\u00ed sv\u00fdch osobn\u00edch \u00fadaj\u016f z datab\u00e1ze, po\u017e\u00e1d\u00e1-li o to. Prod\u00e1vaj\u00edc\u00ed se t\u00edmto zavazuje vymazat ve\u0161ker\u00e9 \u00fadaje o kupuj\u00edc\u00edm z datab\u00e1ze. Toto ustanoven\u00ed se net\u00fdk\u00e1 \u00fadaj\u016f, kter\u00e9 jsou nutn\u00e9 zaji\u0161t\u011bn\u00ed pravosti \u00fa\u010detn\u00edch doklad\u016f. <em><strong>VII.\u00a0Zp\u016fsob platby<\/strong><\/em> P\u0159i objedn\u00e1n\u00ed zbo\u017e\u00ed prost\u0159ednictv\u00ed eshopu je mo\u017en\u00e9 zvolit zp\u016fsob platby.<\/p>\r\n<ol>\r\n<li>Platba dob\u00edrkou<\/li>\r\n<li>Platba p\u0159evodem na bankovn\u00ed \u00fa\u010det (detaily platby budou zasl\u00e1ny po obdr\u017een\u00ed objedn\u00e1vky)<\/li>\r\n<li>Platba platebn\u00ed kartou (Comgate)<\/li>\r\n<li>Platba v hotovosti (v p\u0159\u00edpadn\u011b osobn\u00edho vyzvednut\u00ed na provozovn\u011b)<\/li>\r\n<\/ol>\r\n<p><em><strong>VIII. Zp\u016fsob\u00a0dod\u00e1n\u00ed<\/strong><\/em> P\u0159i objedn\u00e1n\u00ed zbo\u017e\u00ed prost\u0159ednictv\u00ed eshopu je mo\u017en\u00e9 zvolit zp\u016fsob\u00a0dod\u00e1n\u00ed prost\u0159ednictv\u00edm dopravc\u016f.<\/p>\r\n<ol>\r\n<li>\u010cesk\u00e1 po\u0161ta<\/li>\r\n<li>DPD<\/li>\r\n<li>GLS<\/li>\r\n<li>Z\u00e1silkovna<\/li>\r\n<\/ol>\r\n<p>N\u00e1klady na dod\u00e1n\u00ed produktu\u00a0jsou zobrazen\u00e9 p\u0159ed objedn\u00e1n\u00edm produkt\u016f. Pokud je vybr\u00e1n Doporu\u010den\u00fd bal\u00edk od \u010cesk\u00e9 Po\u0161ty a rozm\u011bry z\u00e1silky neumo\u017e\u0148uj\u00ed vyu\u017e\u00edt t\u00e9to slu\u017eby, je z\u00e1silka automaticky odesl\u00e1na jako Bal\u00edk do ruky od \u010cesk\u00e9 Po\u0161ty. Rozd\u00edl v cen\u011b slu\u017eeb je automaticky p\u0159ipo\u010d\u00edt\u00e1n k dob\u00edrkov\u00e9 \u010d\u00e1stce. Alternativn\u011b lze vyu\u017e\u00edt osobn\u00ed na provozovn\u011b. Pouze v\u0161ak po p\u0159edchoz\u00ed dohod\u011b. <em><strong>IX. Z\u00e1v\u011bre\u010dn\u00e1 ustanoven\u00ed<\/strong><\/em> <strong>1.<\/strong>\u00a0Pokud nen\u00ed uvedeno jinak, \u0159\u00edd\u00ed se pr\u00e1va a povinnosti uzav\u0159eni kupn\u00ed smlouvy u fyzick\u00fdch osob podle ob\u010dansk\u00e9ho z\u00e1kon\u00edku. Pokud nen\u00ed uvedeno jinak, \u0159\u00edd\u00ed se pr\u00e1va a povinnosti uzav\u0159en\u00ed kupn\u00ed smlouvy u pr\u00e1vnick\u00fdch osob obchodn\u00edm z\u00e1kon\u00edkem.<\/p>\r\n<h3>REKLAMA\u010cN\u00cd \u0158\u00c1D<\/h3>\r\n<p>Zbo\u017e\u00ed vyr\u00e1b\u011bn\u00e9 na zak\u00e1zku U zbo\u017e\u00ed vyroben\u00e9ho na zak\u00e1zku (zbo\u017e\u00ed upraven\u00e9ho podle p\u0159\u00e1n\u00ed nakupuj\u00edc\u00edho nebo pro jeho osobu) m\u00e1 nakupuj\u00edc\u00ed pr\u00e1vo do 14 dn\u016f od uzav\u0159en\u00ed odstoupit od smlouvy a to pouze v p\u0159\u00edpad\u011b, \u017ee po dohod\u011b obou stran neza\u010dal prod\u00e1vaj\u00edc\u00ed pracovat na realizaci objedn\u00e1vky. V p\u0159\u00edpad\u011b obdr\u017een\u00ed zbo\u017e\u00ed na zak\u00e1zku nelze zbo\u017e\u00ed vracet bez ud\u00e1n\u00ed d\u016fvodu. Takov\u00e9 zbo\u017e\u00ed m\u016f\u017ee nakupuj\u00edc\u00ed pouze reklamovat, nespl\u0148uje-li domluven\u00e9 parametry nebo vykazuje-li jin\u00e9 vady. Reklamovan\u00fd v\u00fdrobek\u00a0za\u0161lete zp\u011bt na na\u0161\u00ed provozovnu (v\u017edy bez dob\u00edrky): Oberstark, spol. s r.o., \u00dasteck\u00e1 223, 403 39 Chlumec u \u00dast\u00ed nad Labem, \u010cesk\u00e1 republika O reklamovan\u00e9m v\u00fdrobku n\u00e1s pros\u00edm p\u0159edem informujte telefonicky nebo emailem. K pod\u00e1n\u00ed reklamace je nutn\u00e9 p\u0159edlo\u017eit\/jin\u00fdm zp\u016fsobem dolo\u017eit fakturu, kter\u00e1 v\u00e1m byla doru\u010dena spolu se zbo\u017e\u00edm. D\u00e1le pak podrobn\u00fd popis vady v\u00fdrobku, nebo je\u0161t\u011b l\u00e9pe foto. Prod\u00e1vaj\u00edc\u00ed rozhodne o reklamaci nejpozd\u011bji do 3 pracovn\u00edch dn\u016f a vyrozum\u00ed o tom z\u00e1kazn\u00edka emailem, pokud nebude dohodnuto jinak. Reklamace v\u010detn\u011b vady bude vy\u0159\u00edzena bez zbyte\u010dn\u00e9ho odkladu, nejpozd\u011bji do 30 dn\u016f ode dne uplatn\u011bn\u00ed reklamace. O vy\u0159\u00edzen\u00ed reklamace bude z\u00e1kazn\u00edk vyrozum\u011bn e-mailem.<\/p>\r\n","protected":false},"excerpt":{"rendered":"<p>IDENTIFIKA\u010cN\u00cd \u00daDAJE PROVOZOVATELE PRODEJN\u00cdHO M\u00cdSTA Spole\u010dnost: Oberstark, spol. s r.o. I\u010c: 714213494 nepl\u00e1tce DPH Adresa: Rybn\u00e1 716\/24, Star\u00e9 M\u011bsto, 110 00 Praha 1 Adresa provozovny: \u00dasteck\u00e1 223, 403 39 Chlumec \u00dast\u00ed nad Labem, \u010cesk\u00e1 republika (provozovna slou\u017e\u00ed v\u00fdhradn\u011b jen jako v\u00fddejn\u00ed m\u00edsto pro mo\u017enost osobn\u00edho vyzvednut\u00ed v\u00fdrobku po p\u0159edchoz\u00ed domluv\u011b) KONTAKTN\u00cd \u00daDAJE Email: info@oberstark.cz Tel.: [&hellip;]<\/p>\n","protected":false},"author":1,"featured_media":0,"parent":0,"menu_order":0,"comment_status":"closed","ping_status":"closed","template":"","meta":{"footnotes":""},"class_list":["post-2598","page","type-page","status-publish","hentry"],"_links":{"self":[{"href":"https:\/\/www.oberstark.cz\/index.php?rest_route=\/wp\/v2\/pages\/2598","targetHints":{"allow":["GET"]}}],"collection":[{"href":"https:\/\/www.oberstark.cz\/index.php?rest_route=\/wp\/v2\/pages"}],"about":[{"href":"https:\/\/www.oberstark.cz\/index.php?rest_route=\/wp\/v2\/types\/page"}],"author":[{"embeddable":true,"href":"https:\/\/www.oberstark.cz\/index.php?rest_route=\/wp\/v2\/users\/1"}],"replies":[{"embeddable":true,"href":"https:\/\/www.oberstark.cz\/index.php?rest_route=%2Fwp%2Fv2%2Fcomments&post=2598"}],"version-history":[{"count":2,"href":"https:\/\/www.oberstark.cz\/index.php?rest_route=\/wp\/v2\/pages\/2598\/revisions"}],"predecessor-version":[{"id":2609,"href":"https:\/\/www.oberstark.cz\/index.php?rest_route=\/wp\/v2\/pages\/2598\/revisions\/2609"}],"wp:attachment":[{"href":"https:\/\/www.oberstark.cz\/index.php?rest_route=%2Fwp%2Fv2%2Fmedia&parent=2598"}],"curies":[{"name":"wp","href":"https:\/\/api.w.org\/{rel}","templated":true}]}}