{"id":19,"date":"2016-06-20T15:21:42","date_gmt":"2016-06-20T08:21:42","guid":{"rendered":"https:\/\/www.oberstark.cz\/?page_id=19"},"modified":"2022-04-04T14:47:29","modified_gmt":"2022-04-04T14:47:29","slug":"contact","status":"publish","type":"page","link":"https:\/\/www.oberstark.cz\/?page_id=19","title":{"rendered":"Kontakt"},"content":{"rendered":"[vc_row full_width=&#8220;stretch_row&#8220; css=&#8220;.vc_custom_1477977425832{padding-bottom: 60px !important;}&#8220;][vc_column]<div class=\"section-header style-v7\">\r\n    <h2 class=\"section-title\"><span>Jsme tu pro V\u00e1s!<\/span><\/h2>\r\n    <div class=\"section-subtitle\">Kontaktujte n\u00e1s na n\u00ed\u017ee uveden\u00e9m telefonu nebo e-mailu.<\/div>\r\n<\/div>[\/vc_column][\/vc_row][vc_row full_width=&#8220;stretch_row_content_no_spaces&#8220; css=&#8220;.vc_custom_1487825799126{padding-bottom: 0px !important;}&#8220; el_class=&#8220;kreme-main-bg&#8220;][vc_column css=&#8220;.vc_custom_1477977615352{padding-top: 0px !important;}&#8220;]\r\n    <div class=\"contact-info \">\r\n        <div class=\"container\">\r\n\r\n            <div class=\"row\">\r\n                \r\n                    <div class=\"col-sm-4 contact-info-item\">\r\n                        <div class=\"entry\">\r\n                            <h3 class=\"entry-title\" style=\"color:#fff;\">Kancel\u00e1\u0159e \/ d\u00edlna<\/h3>\r\n                            <div class=\"entry-content\" style=\"color:#fff;\">\u00dasteck\u00e1 223, 403 39 Chlumec u \u00dast\u00ed nad Labem<\/div>\r\n                        <\/div>\r\n                    <\/div>\r\n\r\n                \r\n                    <div class=\"col-sm-4 contact-info-item\">\r\n                        <div class=\"entry\">\r\n                            <h3 class=\"entry-title\" style=\"color:#fff;\">Telefon<\/h3>\r\n                            <div class=\"entry-content\" style=\"color:#fff;\">+420 732 977 976<\/div>\r\n                        <\/div>\r\n                    <\/div>\r\n\r\n                \r\n                    <div class=\"col-sm-4 contact-info-item\">\r\n                        <div class=\"entry\">\r\n                            <h3 class=\"entry-title\" style=\"color:#fff;\">Email<\/h3>\r\n                            <div class=\"entry-content\" style=\"color:#fff;\"><a href=\"mailto:info@oberstark.cz\">info@oberstark.cz<\/a> - Jan Mor\u00e1vek<\/div>\r\n                        <\/div>\r\n                    <\/div>\r\n\r\n                \r\n            <\/div>\r\n        <\/div>\r\n    <\/div>\r\n\r\n[\/vc_column][\/vc_row][vc_row full_width=&#8220;stretch_row_content_no_spaces&#8220; css=&#8220;.vc_custom_1477981131084{padding-top: 0px !important;padding-bottom: 0px !important;}&#8220;][vc_column css=&#8220;.vc_custom_1477981338025{padding-top: 0px !important;}&#8220;]<div class=\"maps \"><div id=\"map-canvas\"><\/div><\/div>[\/vc_column][\/vc_row]\n","protected":false},"excerpt":{"rendered":"<p>[vc_row full_width=&#8220;stretch_row&#8220; css=&#8220;.vc_custom_1477977425832{padding-bottom: 60px !important;}&#8220;][vc_column][\/vc_column][\/vc_row][vc_row full_width=&#8220;stretch_row_content_no_spaces&#8220; css=&#8220;.vc_custom_1487825799126{padding-bottom: 0px !important;}&#8220; el_class=&#8220;kreme-main-bg&#8220;][vc_column css=&#8220;.vc_custom_1477977615352{padding-top: 0px !important;}&#8220;][\/vc_column][\/vc_row][vc_row full_width=&#8220;stretch_row_content_no_spaces&#8220; css=&#8220;.vc_custom_1477981131084{padding-top: 0px !important;padding-bottom: 0px !important;}&#8220;][vc_column css=&#8220;.vc_custom_1477981338025{padding-top: 0px !important;}&#8220;][\/vc_column][\/vc_row]<\/p>\n","protected":false},"author":1,"featured_media":0,"parent":0,"menu_order":0,"comment_status":"closed","ping_status":"closed","template":"","meta":{"footnotes":""},"class_list":["post-19","page","type-page","status-publish","hentry"],"_links":{"self":[{"href":"https:\/\/www.oberstark.cz\/index.php?rest_route=\/wp\/v2\/pages\/19","targetHints":{"allow":["GET"]}}],"collection":[{"href":"https:\/\/www.oberstark.cz\/index.php?rest_route=\/wp\/v2\/pages"}],"about":[{"href":"https:\/\/www.oberstark.cz\/index.php?rest_route=\/wp\/v2\/types\/page"}],"author":[{"embeddable":true,"href":"https:\/\/www.oberstark.cz\/index.php?rest_route=\/wp\/v2\/users\/1"}],"replies":[{"embeddable":true,"href":"https:\/\/www.oberstark.cz\/index.php?rest_route=%2Fwp%2Fv2%2Fcomments&post=19"}],"version-history":[{"count":11,"href":"https:\/\/www.oberstark.cz\/index.php?rest_route=\/wp\/v2\/pages\/19\/revisions"}],"predecessor-version":[{"id":2611,"href":"https:\/\/www.oberstark.cz\/index.php?rest_route=\/wp\/v2\/pages\/19\/revisions\/2611"}],"wp:attachment":[{"href":"https:\/\/www.oberstark.cz\/index.php?rest_route=%2Fwp%2Fv2%2Fmedia&parent=19"}],"curies":[{"name":"wp","href":"https:\/\/api.w.org\/{rel}","templated":true}]}}